{"id":1889,"date":"2026-03-19T23:58:27","date_gmt":"2026-03-19T23:58:27","guid":{"rendered":"https:\/\/novaphysio.pt\/?page_id=1889"},"modified":"2026-03-20T17:06:35","modified_gmt":"2026-03-20T17:06:35","slug":"politica-de-cookies","status":"publish","type":"page","link":"https:\/\/novaphysio.pt\/en\/politica-de-cookies\/","title":{"rendered":"Cookie Policy"},"content":{"rendered":"<div data-elementor-type=\"wp-page\" data-elementor-id=\"1889\" class=\"elementor elementor-1889\" data-elementor-post-type=\"page\">\n\t\t\t\t<div class=\"elementor-element elementor-element-dc2dc8b e-flex e-con-boxed e-con e-parent\" data-id=\"dc2dc8b\" data-element_type=\"container\">\n\t\t\t\t\t<div class=\"e-con-inner\">\n\t\t<div class=\"elementor-element elementor-element-260ead1 e-con-full e-flex e-con e-child\" data-id=\"260ead1\" data-element_type=\"container\" data-settings=\"{&quot;background_background&quot;:&quot;classic&quot;}\">\n\t\t<div class=\"elementor-element elementor-element-1b4c949 e-con-full e-flex e-con e-child\" data-id=\"1b4c949\" data-element_type=\"container\">\n\t\t\t\t<\/div>\n\t\t<div class=\"elementor-element elementor-element-57ea9ed e-con-full e-flex e-con e-child\" data-id=\"57ea9ed\" data-element_type=\"container\">\n\t\t\t\t<div class=\"elementor-element elementor-element-91ffb7b elementor-widget elementor-widget-heading\" data-id=\"91ffb7b\" data-element_type=\"widget\" data-widget_type=\"heading.default\">\n\t\t\t\t\t<h2 class=\"elementor-heading-title elementor-size-default\">Cookie Policy<\/h2>\t\t\t\t<\/div>\n\t\t\t\t<\/div>\n\t\t\t\t<\/div>\n\t\t\t\t\t<\/div>\n\t\t\t\t<\/div>\n\t\t<div class=\"elementor-element elementor-element-32cced1 e-flex e-con-boxed e-con e-parent\" data-id=\"32cced1\" data-element_type=\"container\" data-settings=\"{&quot;background_background&quot;:&quot;classic&quot;}\">\n\t\t\t\t\t<div class=\"e-con-inner\">\n\t\t<div class=\"elementor-element elementor-element-32b7b8b e-con-full e-flex e-con e-child\" data-id=\"32b7b8b\" data-element_type=\"container\">\n\t\t<div class=\"elementor-element elementor-element-f88fa25 e-con-full e-flex e-con e-child\" data-id=\"f88fa25\" data-element_type=\"container\">\n\t\t\t\t<div class=\"elementor-element elementor-element-fcb629c elementor-invisible elementor-widget elementor-widget-text-editor\" data-id=\"fcb629c\" data-element_type=\"widget\" data-settings=\"{&quot;_animation&quot;:&quot;fadeIn&quot;}\" data-widget_type=\"text-editor.default\">\n\t\t\t\t\t\t\t\t\t<p>This website uses cookies to improve the user experience.<\/p>\n\n<h2>1. What are cookies?<\/h2>\n<p>Cookies are small text files stored on the user's device when they visit a website.<\/p>\n\n<h2>2. What are they used for?<\/h2>\n<p>Cookies allow:<\/p>\n<ul>\n  <li>Garantir o funcionamento do site<\/li>\n  <li>Melhorar desempenho e navega\u00e7\u00e3o<\/li>\n  <li>Analisar estat\u00edsticas de utiliza\u00e7\u00e3o<\/li>\n  <li>Personalizar conte\u00fado<\/li>\n<\/ul>\n\n<h2>3. Tipos de cookies utilizados<\/h2>\n\n<h3>Essential cookies<\/h3>\n<p>Necessary for the website to function.<\/p>\n\n<h3>Performance cookies<\/h3>\n<p>They allow the analysis of website usage (e.g., Google Analytics).<\/p>\n\n<h3>Functional cookies<\/h3>\n<p>They store user preferences.<\/p>\n\n<h3>Third-party cookies<\/h3>\n<p>They may be used by external services integrated into the site.<\/p>\n\n<h2>4. Cookie Management<\/h2>\n<p>The user can:<\/p>\n<ul>\n  <li>Accept or reject cookies via the banner<\/li>\n  <li>Configure the browser to block or delete cookies<\/li>\n<\/ul>\n\n<h2>5. Consent<\/h2>\n<p>By continuing to browse the site, the user accepts the use of cookies unless they disable them.<\/p>\n\n<h2>6. Changes<\/h2>\n<p>NovaPhysio may update this Cookie Policy whenever necessary.<\/p>\t\t\t\t\t\t\t\t<\/div>\n\t\t\t\t<\/div>\n\t\t\t\t<\/div>\n\t\t\t\t\t<\/div>\n\t\t\t\t<\/div>\n\t\t\t\t<\/div>","protected":false},"excerpt":{"rendered":"<p>Pol\u00edtica de Cookies Este website utiliza cookies para melhorar a experi\u00eancia do utilizador. 1. O que s\u00e3o cookies? Cookies s\u00e3o pequenos ficheiros de texto armazenados no dispositivo do utilizador quando visita um website. 2. Para que servem? Os cookies permitem: Garantir o funcionamento do site Melhorar desempenho e navega\u00e7\u00e3o Analisar estat\u00edsticas de utiliza\u00e7\u00e3o Personalizar conte\u00fado [&hellip;]<\/p>","protected":false},"author":1,"featured_media":0,"parent":0,"menu_order":0,"comment_status":"closed","ping_status":"closed","template":"","meta":{"_acf_changed":false,"footnotes":""},"class_list":["post-1889","page","type-page","status-publish","hentry"],"acf":[],"yoast_head":"<!-- This site is optimized with the Yoast SEO plugin v26.4 - https:\/\/yoast.com\/wordpress\/plugins\/seo\/ -->\n<title>Pol\u00edtica de Cookies | NovaPhysio<\/title>\n<meta name=\"robots\" content=\"index, follow, max-snippet:-1, max-image-preview:large, max-video-preview:-1\" \/>\n<link rel=\"canonical\" href=\"https:\/\/novaphysio.pt\/en\/politica-de-cookies\/\" \/>\n<meta property=\"og:locale\" content=\"en_US\" \/>\n<meta property=\"og:type\" content=\"article\" \/>\n<meta property=\"og:title\" content=\"Pol\u00edtica de Cookies | NovaPhysio\" \/>\n<meta property=\"og:description\" content=\"Pol\u00edtica de Cookies Este website utiliza cookies para melhorar a experi\u00eancia do utilizador. 1. O que s\u00e3o cookies? Cookies s\u00e3o pequenos ficheiros de texto armazenados no dispositivo do utilizador quando visita um website. 2. Para que servem? Os cookies permitem: Garantir o funcionamento do site Melhorar desempenho e navega\u00e7\u00e3o Analisar estat\u00edsticas de utiliza\u00e7\u00e3o Personalizar conte\u00fado [&hellip;]\" \/>\n<meta property=\"og:url\" content=\"https:\/\/novaphysio.pt\/en\/politica-de-cookies\/\" \/>\n<meta property=\"og:site_name\" content=\"NovaPhysio\" \/>\n<meta property=\"article:modified_time\" content=\"2026-03-20T17:06:35+00:00\" \/>\n<meta property=\"og:image\" content=\"https:\/\/novaphysio.pt\/wp-content\/uploads\/2026\/03\/Layer_1.png\" \/>\n\t<meta property=\"og:image:width\" content=\"466\" \/>\n\t<meta property=\"og:image:height\" content=\"124\" \/>\n\t<meta property=\"og:image:type\" content=\"image\/png\" \/>\n<meta name=\"twitter:card\" content=\"summary_large_image\" \/>\n<meta name=\"twitter:label1\" content=\"Est. reading time\" \/>\n\t<meta name=\"twitter:data1\" content=\"1 minute\" \/>\n<script type=\"application\/ld+json\" class=\"yoast-schema-graph\">{\"@context\":\"https:\/\/schema.org\",\"@graph\":[{\"@type\":\"WebPage\",\"@id\":\"https:\/\/novaphysio.pt\/politica-de-cookies\/\",\"url\":\"https:\/\/novaphysio.pt\/politica-de-cookies\/\",\"name\":\"Pol\u00edtica de Cookies | NovaPhysio\",\"isPartOf\":{\"@id\":\"https:\/\/novaphysio.pt\/#website\"},\"datePublished\":\"2026-03-19T23:58:27+00:00\",\"dateModified\":\"2026-03-20T17:06:35+00:00\",\"breadcrumb\":{\"@id\":\"https:\/\/novaphysio.pt\/politica-de-cookies\/#breadcrumb\"},\"inLanguage\":\"en-US\",\"potentialAction\":[{\"@type\":\"ReadAction\",\"target\":[\"https:\/\/novaphysio.pt\/politica-de-cookies\/\"]}]},{\"@type\":\"BreadcrumbList\",\"@id\":\"https:\/\/novaphysio.pt\/politica-de-cookies\/#breadcrumb\",\"itemListElement\":[{\"@type\":\"ListItem\",\"position\":1,\"name\":\"In\u00edcio\",\"item\":\"https:\/\/novaphysio.pt\/\"},{\"@type\":\"ListItem\",\"position\":2,\"name\":\"Pol\u00edtica de Cookies\"}]},{\"@type\":\"WebSite\",\"@id\":\"https:\/\/novaphysio.pt\/#website\",\"url\":\"https:\/\/novaphysio.pt\/\",\"name\":\"NovaPhysio\",\"description\":\"\",\"publisher\":{\"@id\":\"https:\/\/novaphysio.pt\/#organization\"},\"potentialAction\":[{\"@type\":\"SearchAction\",\"target\":{\"@type\":\"EntryPoint\",\"urlTemplate\":\"https:\/\/novaphysio.pt\/?s={search_term_string}\"},\"query-input\":{\"@type\":\"PropertyValueSpecification\",\"valueRequired\":true,\"valueName\":\"search_term_string\"}}],\"inLanguage\":\"en-US\"},{\"@type\":\"Organization\",\"@id\":\"https:\/\/novaphysio.pt\/#organization\",\"name\":\"NovaPhysio\",\"url\":\"https:\/\/novaphysio.pt\/\",\"logo\":{\"@type\":\"ImageObject\",\"inLanguage\":\"en-US\",\"@id\":\"https:\/\/novaphysio.pt\/#\/schema\/logo\/image\/\",\"url\":\"https:\/\/novaphysio.pt\/wp-content\/uploads\/2026\/02\/Layer_1-1.png\",\"contentUrl\":\"https:\/\/novaphysio.pt\/wp-content\/uploads\/2026\/02\/Layer_1-1.png\",\"width\":344,\"height\":252,\"caption\":\"NovaPhysio\"},\"image\":{\"@id\":\"https:\/\/novaphysio.pt\/#\/schema\/logo\/image\/\"}}]}<\/script>\n<!-- \/ Yoast SEO plugin. -->","yoast_head_json":{"title":"Pol\u00edtica de Cookies | NovaPhysio","robots":{"index":"index","follow":"follow","max-snippet":"max-snippet:-1","max-image-preview":"max-image-preview:large","max-video-preview":"max-video-preview:-1"},"canonical":"https:\/\/novaphysio.pt\/en\/politica-de-cookies\/","og_locale":"en_US","og_type":"article","og_title":"Pol\u00edtica de Cookies | NovaPhysio","og_description":"Pol\u00edtica de Cookies Este website utiliza cookies para melhorar a experi\u00eancia do utilizador. 1. O que s\u00e3o cookies? Cookies s\u00e3o pequenos ficheiros de texto armazenados no dispositivo do utilizador quando visita um website. 2. Para que servem? Os cookies permitem: Garantir o funcionamento do site Melhorar desempenho e navega\u00e7\u00e3o Analisar estat\u00edsticas de utiliza\u00e7\u00e3o Personalizar conte\u00fado [&hellip;]","og_url":"https:\/\/novaphysio.pt\/en\/politica-de-cookies\/","og_site_name":"NovaPhysio","article_modified_time":"2026-03-20T17:06:35+00:00","og_image":[{"width":466,"height":124,"url":"https:\/\/novaphysio.pt\/wp-content\/uploads\/2026\/03\/Layer_1.png","type":"image\/png"}],"twitter_card":"summary_large_image","twitter_misc":{"Est. reading time":"1 minute"},"schema":{"@context":"https:\/\/schema.org","@graph":[{"@type":"WebPage","@id":"https:\/\/novaphysio.pt\/politica-de-cookies\/","url":"https:\/\/novaphysio.pt\/politica-de-cookies\/","name":"Pol\u00edtica de Cookies | NovaPhysio","isPartOf":{"@id":"https:\/\/novaphysio.pt\/#website"},"datePublished":"2026-03-19T23:58:27+00:00","dateModified":"2026-03-20T17:06:35+00:00","breadcrumb":{"@id":"https:\/\/novaphysio.pt\/politica-de-cookies\/#breadcrumb"},"inLanguage":"en-US","potentialAction":[{"@type":"ReadAction","target":["https:\/\/novaphysio.pt\/politica-de-cookies\/"]}]},{"@type":"BreadcrumbList","@id":"https:\/\/novaphysio.pt\/politica-de-cookies\/#breadcrumb","itemListElement":[{"@type":"ListItem","position":1,"name":"In\u00edcio","item":"https:\/\/novaphysio.pt\/"},{"@type":"ListItem","position":2,"name":"Pol\u00edtica de Cookies"}]},{"@type":"WebSite","@id":"https:\/\/novaphysio.pt\/#website","url":"https:\/\/novaphysio.pt\/","name":"NovaPhysio","description":"","publisher":{"@id":"https:\/\/novaphysio.pt\/#organization"},"potentialAction":[{"@type":"SearchAction","target":{"@type":"EntryPoint","urlTemplate":"https:\/\/novaphysio.pt\/?s={search_term_string}"},"query-input":{"@type":"PropertyValueSpecification","valueRequired":true,"valueName":"search_term_string"}}],"inLanguage":"en-US"},{"@type":"Organization","@id":"https:\/\/novaphysio.pt\/#organization","name":"NovaPhysio","url":"https:\/\/novaphysio.pt\/","logo":{"@type":"ImageObject","inLanguage":"en-US","@id":"https:\/\/novaphysio.pt\/#\/schema\/logo\/image\/","url":"https:\/\/novaphysio.pt\/wp-content\/uploads\/2026\/02\/Layer_1-1.png","contentUrl":"https:\/\/novaphysio.pt\/wp-content\/uploads\/2026\/02\/Layer_1-1.png","width":344,"height":252,"caption":"NovaPhysio"},"image":{"@id":"https:\/\/novaphysio.pt\/#\/schema\/logo\/image\/"}}]}},"_links":{"self":[{"href":"https:\/\/novaphysio.pt\/en\/wp-json\/wp\/v2\/pages\/1889","targetHints":{"allow":["GET"]}}],"collection":[{"href":"https:\/\/novaphysio.pt\/en\/wp-json\/wp\/v2\/pages"}],"about":[{"href":"https:\/\/novaphysio.pt\/en\/wp-json\/wp\/v2\/types\/page"}],"author":[{"embeddable":true,"href":"https:\/\/novaphysio.pt\/en\/wp-json\/wp\/v2\/users\/1"}],"replies":[{"embeddable":true,"href":"https:\/\/novaphysio.pt\/en\/wp-json\/wp\/v2\/comments?post=1889"}],"version-history":[{"count":0,"href":"https:\/\/novaphysio.pt\/en\/wp-json\/wp\/v2\/pages\/1889\/revisions"}],"wp:attachment":[{"href":"https:\/\/novaphysio.pt\/en\/wp-json\/wp\/v2\/media?parent=1889"}],"curies":[{"name":"wp","href":"https:\/\/api.w.org\/{rel}","templated":true}]}}