{"id":1884,"date":"2026-03-19T23:55:27","date_gmt":"2026-03-19T23:55:27","guid":{"rendered":"https:\/\/novaphysio.pt\/?page_id=1884"},"modified":"2026-03-20T17:07:23","modified_gmt":"2026-03-20T17:07:23","slug":"politica-de-privacidade","status":"publish","type":"page","link":"https:\/\/novaphysio.pt\/en\/politica-de-privacidade\/","title":{"rendered":"Privacy Policy"},"content":{"rendered":"<div data-elementor-type=\"wp-page\" data-elementor-id=\"1884\" class=\"elementor elementor-1884\" data-elementor-post-type=\"page\">\n\t\t\t\t<div class=\"elementor-element elementor-element-dc2dc8b e-flex e-con-boxed e-con e-parent\" data-id=\"dc2dc8b\" data-element_type=\"container\">\n\t\t\t\t\t<div class=\"e-con-inner\">\n\t\t<div class=\"elementor-element elementor-element-260ead1 e-con-full e-flex e-con e-child\" data-id=\"260ead1\" data-element_type=\"container\" data-settings=\"{&quot;background_background&quot;:&quot;classic&quot;}\">\n\t\t<div class=\"elementor-element elementor-element-1b4c949 e-con-full e-flex e-con e-child\" data-id=\"1b4c949\" data-element_type=\"container\">\n\t\t\t\t<\/div>\n\t\t<div class=\"elementor-element elementor-element-57ea9ed e-con-full e-flex e-con e-child\" data-id=\"57ea9ed\" data-element_type=\"container\">\n\t\t\t\t<div class=\"elementor-element elementor-element-91ffb7b elementor-widget elementor-widget-heading\" data-id=\"91ffb7b\" data-element_type=\"widget\" data-widget_type=\"heading.default\">\n\t\t\t\t\t<h2 class=\"elementor-heading-title elementor-size-default\">Privacy Policy<\/h2>\t\t\t\t<\/div>\n\t\t\t\t<\/div>\n\t\t\t\t<\/div>\n\t\t\t\t\t<\/div>\n\t\t\t\t<\/div>\n\t\t<div class=\"elementor-element elementor-element-32cced1 e-flex e-con-boxed e-con e-parent\" data-id=\"32cced1\" data-element_type=\"container\" data-settings=\"{&quot;background_background&quot;:&quot;classic&quot;}\">\n\t\t\t\t\t<div class=\"e-con-inner\">\n\t\t<div class=\"elementor-element elementor-element-32b7b8b e-con-full e-flex e-con e-child\" data-id=\"32b7b8b\" data-element_type=\"container\">\n\t\t<div class=\"elementor-element elementor-element-f88fa25 e-con-full e-flex e-con e-child\" data-id=\"f88fa25\" data-element_type=\"container\">\n\t\t\t\t<div class=\"elementor-element elementor-element-fcb629c elementor-invisible elementor-widget elementor-widget-text-editor\" data-id=\"fcb629c\" data-element_type=\"widget\" data-settings=\"{&quot;_animation&quot;:&quot;fadeIn&quot;}\" data-widget_type=\"text-editor.default\">\n\t\t\t\t\t\t\t\t\t<p>This Privacy Policy describes how NovaPhysio collects, uses, and protects the personal data of users of its website.<\/p><h2>1. Data Controller<\/h2><p>The entity responsible for data processing is NovaPhysio.<\/p><p>For any questions related to privacy, the user may contact us through the means provided on the website.<\/p><h2>2. Data Collected<\/h2><ul><li>Name<\/li><li>Email<\/li><li>Phone contact<\/li><li>Other data voluntarily provided through forms<\/li><\/ul><h2>3. Purpose of Processing<\/h2><ul><li>Response to contact requests<\/li><li>Appointment scheduling<\/li><li>Provision of services<\/li><li>Improvement of the website experience<\/li><\/ul><h2>4. Legal Basis<\/h2><ul><li>User consent<\/li><li>Performance of a contract or pre-contractual steps<\/li><li>Compliance with legal obligations<\/li><\/ul><h2>5. Data Retention<\/h2><p>Data will be retained only for the period necessary for the purposes for which it was collected, unless a legal obligation requires otherwise.<\/p><h2>6. Data Sharing<\/h2><p>Data is not sold or shared with third parties, except when necessary for:<\/p><ul><li>Compliance with legal obligations<\/li><li>Provision of services (e.g., email tools, hosting, etc.)<\/li><\/ul><h2>7. User Rights<\/h2><p>Under the GDPR, the user has the right to:<\/p><ul><li>Access their data<\/li><li>Rectification of data<\/li><li>Erasure of data<\/li><li>Restriction of processing<\/li><li>Data portability<\/li><li>Objection to processing<\/li><\/ul><p>To exercise your rights, you must contact us through the means provided on the website.<\/p><h2>8. Security<\/h2><p>Appropriate technical and organizational measures are implemented to protect personal data against loss, misuse, or unauthorized access.<\/p><h2>9. Changes<\/h2><p>NovaPhysio reserves the right to change this Privacy Policy at any time.<\/p>\t\t\t\t\t\t\t\t<\/div>\n\t\t\t\t<\/div>\n\t\t\t\t<\/div>\n\t\t\t\t\t<\/div>\n\t\t\t\t<\/div>\n\t\t\t\t<\/div>","protected":false},"excerpt":{"rendered":"<p>Pol\u00edtica de Privacidade A presente Pol\u00edtica de Privacidade descreve como a NovaPhysio recolhe, utiliza e protege os dados pessoais dos utilizadores do seu website. 1. Respons\u00e1vel pelo tratamento A entidade respons\u00e1vel pelo tratamento dos dados \u00e9 a NovaPhysio. Para qualquer quest\u00e3o relacionada com privacidade, o utilizador poder\u00e1 contactar atrav\u00e9s dos meios disponibilizados no website. 2. [&hellip;]<\/p>","protected":false},"author":1,"featured_media":0,"parent":0,"menu_order":0,"comment_status":"closed","ping_status":"closed","template":"","meta":{"_acf_changed":false,"footnotes":""},"class_list":["post-1884","page","type-page","status-publish","hentry"],"acf":[],"yoast_head":"<!-- This site is optimized with the Yoast SEO plugin v26.4 - https:\/\/yoast.com\/wordpress\/plugins\/seo\/ -->\n<title>Pol\u00edtica de Privacidade | NovaPhysio<\/title>\n<meta name=\"robots\" content=\"index, follow, max-snippet:-1, max-image-preview:large, max-video-preview:-1\" \/>\n<link rel=\"canonical\" href=\"https:\/\/novaphysio.pt\/en\/politica-de-privacidade\/\" \/>\n<meta property=\"og:locale\" content=\"en_US\" \/>\n<meta property=\"og:type\" content=\"article\" \/>\n<meta property=\"og:title\" content=\"Pol\u00edtica de Privacidade | NovaPhysio\" \/>\n<meta property=\"og:description\" content=\"Pol\u00edtica de Privacidade A presente Pol\u00edtica de Privacidade descreve como a NovaPhysio recolhe, utiliza e protege os dados pessoais dos utilizadores do seu website. 1. Respons\u00e1vel pelo tratamento A entidade respons\u00e1vel pelo tratamento dos dados \u00e9 a NovaPhysio. Para qualquer quest\u00e3o relacionada com privacidade, o utilizador poder\u00e1 contactar atrav\u00e9s dos meios disponibilizados no website. 2. [&hellip;]\" \/>\n<meta property=\"og:url\" content=\"https:\/\/novaphysio.pt\/en\/politica-de-privacidade\/\" \/>\n<meta property=\"og:site_name\" content=\"NovaPhysio\" \/>\n<meta property=\"article:modified_time\" content=\"2026-03-20T17:07:23+00:00\" \/>\n<meta property=\"og:image\" content=\"https:\/\/novaphysio.pt\/wp-content\/uploads\/2026\/03\/Layer_1.png\" \/>\n\t<meta property=\"og:image:width\" content=\"466\" \/>\n\t<meta property=\"og:image:height\" content=\"124\" \/>\n\t<meta property=\"og:image:type\" content=\"image\/png\" \/>\n<meta name=\"twitter:card\" content=\"summary_large_image\" \/>\n<meta name=\"twitter:label1\" content=\"Est. reading time\" \/>\n\t<meta name=\"twitter:data1\" content=\"2 minutes\" \/>\n<script type=\"application\/ld+json\" class=\"yoast-schema-graph\">{\"@context\":\"https:\/\/schema.org\",\"@graph\":[{\"@type\":\"WebPage\",\"@id\":\"https:\/\/novaphysio.pt\/politica-de-privacidade\/\",\"url\":\"https:\/\/novaphysio.pt\/politica-de-privacidade\/\",\"name\":\"Pol\u00edtica de Privacidade | NovaPhysio\",\"isPartOf\":{\"@id\":\"https:\/\/novaphysio.pt\/#website\"},\"datePublished\":\"2026-03-19T23:55:27+00:00\",\"dateModified\":\"2026-03-20T17:07:23+00:00\",\"breadcrumb\":{\"@id\":\"https:\/\/novaphysio.pt\/politica-de-privacidade\/#breadcrumb\"},\"inLanguage\":\"en-US\",\"potentialAction\":[{\"@type\":\"ReadAction\",\"target\":[\"https:\/\/novaphysio.pt\/politica-de-privacidade\/\"]}]},{\"@type\":\"BreadcrumbList\",\"@id\":\"https:\/\/novaphysio.pt\/politica-de-privacidade\/#breadcrumb\",\"itemListElement\":[{\"@type\":\"ListItem\",\"position\":1,\"name\":\"In\u00edcio\",\"item\":\"https:\/\/novaphysio.pt\/\"},{\"@type\":\"ListItem\",\"position\":2,\"name\":\"Pol\u00edtica de Privacidade\"}]},{\"@type\":\"WebSite\",\"@id\":\"https:\/\/novaphysio.pt\/#website\",\"url\":\"https:\/\/novaphysio.pt\/\",\"name\":\"NovaPhysio\",\"description\":\"\",\"publisher\":{\"@id\":\"https:\/\/novaphysio.pt\/#organization\"},\"potentialAction\":[{\"@type\":\"SearchAction\",\"target\":{\"@type\":\"EntryPoint\",\"urlTemplate\":\"https:\/\/novaphysio.pt\/?s={search_term_string}\"},\"query-input\":{\"@type\":\"PropertyValueSpecification\",\"valueRequired\":true,\"valueName\":\"search_term_string\"}}],\"inLanguage\":\"en-US\"},{\"@type\":\"Organization\",\"@id\":\"https:\/\/novaphysio.pt\/#organization\",\"name\":\"NovaPhysio\",\"url\":\"https:\/\/novaphysio.pt\/\",\"logo\":{\"@type\":\"ImageObject\",\"inLanguage\":\"en-US\",\"@id\":\"https:\/\/novaphysio.pt\/#\/schema\/logo\/image\/\",\"url\":\"https:\/\/novaphysio.pt\/wp-content\/uploads\/2026\/02\/Layer_1-1.png\",\"contentUrl\":\"https:\/\/novaphysio.pt\/wp-content\/uploads\/2026\/02\/Layer_1-1.png\",\"width\":344,\"height\":252,\"caption\":\"NovaPhysio\"},\"image\":{\"@id\":\"https:\/\/novaphysio.pt\/#\/schema\/logo\/image\/\"}}]}<\/script>\n<!-- \/ Yoast SEO plugin. -->","yoast_head_json":{"title":"Pol\u00edtica de Privacidade | NovaPhysio","robots":{"index":"index","follow":"follow","max-snippet":"max-snippet:-1","max-image-preview":"max-image-preview:large","max-video-preview":"max-video-preview:-1"},"canonical":"https:\/\/novaphysio.pt\/en\/politica-de-privacidade\/","og_locale":"en_US","og_type":"article","og_title":"Pol\u00edtica de Privacidade | NovaPhysio","og_description":"Pol\u00edtica de Privacidade A presente Pol\u00edtica de Privacidade descreve como a NovaPhysio recolhe, utiliza e protege os dados pessoais dos utilizadores do seu website. 1. Respons\u00e1vel pelo tratamento A entidade respons\u00e1vel pelo tratamento dos dados \u00e9 a NovaPhysio. Para qualquer quest\u00e3o relacionada com privacidade, o utilizador poder\u00e1 contactar atrav\u00e9s dos meios disponibilizados no website. 2. [&hellip;]","og_url":"https:\/\/novaphysio.pt\/en\/politica-de-privacidade\/","og_site_name":"NovaPhysio","article_modified_time":"2026-03-20T17:07:23+00:00","og_image":[{"width":466,"height":124,"url":"https:\/\/novaphysio.pt\/wp-content\/uploads\/2026\/03\/Layer_1.png","type":"image\/png"}],"twitter_card":"summary_large_image","twitter_misc":{"Est. reading time":"2 minutes"},"schema":{"@context":"https:\/\/schema.org","@graph":[{"@type":"WebPage","@id":"https:\/\/novaphysio.pt\/politica-de-privacidade\/","url":"https:\/\/novaphysio.pt\/politica-de-privacidade\/","name":"Pol\u00edtica de Privacidade | NovaPhysio","isPartOf":{"@id":"https:\/\/novaphysio.pt\/#website"},"datePublished":"2026-03-19T23:55:27+00:00","dateModified":"2026-03-20T17:07:23+00:00","breadcrumb":{"@id":"https:\/\/novaphysio.pt\/politica-de-privacidade\/#breadcrumb"},"inLanguage":"en-US","potentialAction":[{"@type":"ReadAction","target":["https:\/\/novaphysio.pt\/politica-de-privacidade\/"]}]},{"@type":"BreadcrumbList","@id":"https:\/\/novaphysio.pt\/politica-de-privacidade\/#breadcrumb","itemListElement":[{"@type":"ListItem","position":1,"name":"In\u00edcio","item":"https:\/\/novaphysio.pt\/"},{"@type":"ListItem","position":2,"name":"Pol\u00edtica de Privacidade"}]},{"@type":"WebSite","@id":"https:\/\/novaphysio.pt\/#website","url":"https:\/\/novaphysio.pt\/","name":"NovaPhysio","description":"","publisher":{"@id":"https:\/\/novaphysio.pt\/#organization"},"potentialAction":[{"@type":"SearchAction","target":{"@type":"EntryPoint","urlTemplate":"https:\/\/novaphysio.pt\/?s={search_term_string}"},"query-input":{"@type":"PropertyValueSpecification","valueRequired":true,"valueName":"search_term_string"}}],"inLanguage":"en-US"},{"@type":"Organization","@id":"https:\/\/novaphysio.pt\/#organization","name":"NovaPhysio","url":"https:\/\/novaphysio.pt\/","logo":{"@type":"ImageObject","inLanguage":"en-US","@id":"https:\/\/novaphysio.pt\/#\/schema\/logo\/image\/","url":"https:\/\/novaphysio.pt\/wp-content\/uploads\/2026\/02\/Layer_1-1.png","contentUrl":"https:\/\/novaphysio.pt\/wp-content\/uploads\/2026\/02\/Layer_1-1.png","width":344,"height":252,"caption":"NovaPhysio"},"image":{"@id":"https:\/\/novaphysio.pt\/#\/schema\/logo\/image\/"}}]}},"_links":{"self":[{"href":"https:\/\/novaphysio.pt\/en\/wp-json\/wp\/v2\/pages\/1884","targetHints":{"allow":["GET"]}}],"collection":[{"href":"https:\/\/novaphysio.pt\/en\/wp-json\/wp\/v2\/pages"}],"about":[{"href":"https:\/\/novaphysio.pt\/en\/wp-json\/wp\/v2\/types\/page"}],"author":[{"embeddable":true,"href":"https:\/\/novaphysio.pt\/en\/wp-json\/wp\/v2\/users\/1"}],"replies":[{"embeddable":true,"href":"https:\/\/novaphysio.pt\/en\/wp-json\/wp\/v2\/comments?post=1884"}],"version-history":[{"count":0,"href":"https:\/\/novaphysio.pt\/en\/wp-json\/wp\/v2\/pages\/1884\/revisions"}],"wp:attachment":[{"href":"https:\/\/novaphysio.pt\/en\/wp-json\/wp\/v2\/media?parent=1884"}],"curies":[{"name":"wp","href":"https:\/\/api.w.org\/{rel}","templated":true}]}}